{"id":576,"date":"2025-03-09T07:56:39","date_gmt":"2025-03-09T07:56:39","guid":{"rendered":"https:\/\/info.engineering-maps.com\/home\/"},"modified":"2026-02-04T19:18:23","modified_gmt":"2026-02-04T19:18:23","slug":"blogs","status":"publish","type":"page","link":"https:\/\/info.engineering-maps.com\/de\/","title":{"rendered":"News-Blog"},"content":{"rendered":"<div data-elementor-type=\"wp-page\" data-elementor-id=\"576\" class=\"elementor elementor-576\" data-elementor-post-type=\"page\">\n\t\t\t\t<div class=\"elementor-element elementor-element-2f8f7d6 e-con-full e-flex e-con e-parent\" data-id=\"2f8f7d6\" data-element_type=\"container\">\n\t\t\t\t<div class=\"elementor-element elementor-element-7425e56 elementor-grid-tablet-3 elementor-grid-mobile-2 elementor-grid-3 elementor-posts--thumbnail-top elementor-widget elementor-widget-posts\" data-id=\"7425e56\" data-element_type=\"widget\" data-settings=\"{&quot;classic_columns_tablet&quot;:&quot;3&quot;,&quot;classic_columns_mobile&quot;:&quot;2&quot;,&quot;pagination_type&quot;:&quot;numbers_and_prev_next&quot;,&quot;classic_columns&quot;:&quot;3&quot;,&quot;classic_row_gap&quot;:{&quot;unit&quot;:&quot;px&quot;,&quot;size&quot;:35,&quot;sizes&quot;:[]},&quot;classic_row_gap_tablet&quot;:{&quot;unit&quot;:&quot;px&quot;,&quot;size&quot;:&quot;&quot;,&quot;sizes&quot;:[]},&quot;classic_row_gap_mobile&quot;:{&quot;unit&quot;:&quot;px&quot;,&quot;size&quot;:&quot;&quot;,&quot;sizes&quot;:[]}}\" data-widget_type=\"posts.classic\">\n\t\t\t\t<div class=\"elementor-widget-container\">\n\t\t\t\t\t\t\t<div class=\"elementor-posts-container elementor-posts elementor-posts--skin-classic elementor-grid\">\n\t\t\t\t<article class=\"elementor-post elementor-grid-item post-1885 post type-post status-publish format-standard has-post-thumbnail hentry category-uncategorized\">\n\t\t\t\t<a class=\"elementor-post__thumbnail__link\" href=\"https:\/\/info.engineering-maps.com\/de\/remote-engineer-jobs-in-germany-career-paths-salaries-and-growth-opportunities-in-2026\/\" tabindex=\"-1\" >\n\t\t\t<div class=\"elementor-post__thumbnail\"><img fetchpriority=\"high\" decoding=\"async\" width=\"300\" height=\"200\" src=\"https:\/\/info.engineering-maps.com\/wp-content\/uploads\/2026\/02\/image-15-300x200.jpeg\" class=\"attachment-medium size-medium wp-image-1887\" alt=\"Remote Engineer Jobs\" srcset=\"https:\/\/info.engineering-maps.com\/wp-content\/uploads\/2026\/02\/image-15-300x200.jpeg 300w, https:\/\/info.engineering-maps.com\/wp-content\/uploads\/2026\/02\/image-15-1024x682.jpeg 1024w, https:\/\/info.engineering-maps.com\/wp-content\/uploads\/2026\/02\/image-15-768x512.jpeg 768w, https:\/\/info.engineering-maps.com\/wp-content\/uploads\/2026\/02\/image-15-18x12.jpeg 18w, https:\/\/info.engineering-maps.com\/wp-content\/uploads\/2026\/02\/image-15.jpeg 1280w\" sizes=\"(max-width: 300px) 100vw, 300px\" \/><\/div>\n\t\t<\/a>\n\t\t\t\t<div class=\"elementor-post__text\">\n\t\t\t\t<h3 class=\"elementor-post__title\">\n\t\t\t<a href=\"https:\/\/info.engineering-maps.com\/de\/remote-engineer-jobs-in-germany-career-paths-salaries-and-growth-opportunities-in-2026\/\" >\n\t\t\t\tRemote-Ingenieur-Jobs in Deutschland: Karrierewege, Geh\u00e4lter und Wachstumsperspektiven 2026\t\t\t<\/a>\n\t\t<\/h3>\n\t\t\t\t<div class=\"elementor-post__meta-data\">\n\t\t\t\t\t<span class=\"elementor-post-date\">\n\t\t\tFebruar 13, 2026\t\t<\/span>\n\t\t\t\t<span class=\"elementor-post-avatar\">\n\t\t\tKeine Kommentare\t\t<\/span>\n\t\t\t\t<\/div>\n\t\t\t\t<div class=\"elementor-post__excerpt\">\n\t\t\t<p>In den letzten Jahren haben Remote-Engineering-Jobs die Art und Weise, wie Ingenieur\u00adfachkr\u00e4fte ihre Karrieren gestalten, grundlegend ver\u00e4ndert \u2013 nicht nur international, sondern auch in starken Volkswirtschaften wie Deutschland. Mit einem \u2026<\/p>\n\t\t<\/div>\n\t\t\n\t\t<a class=\"elementor-post__read-more\" href=\"https:\/\/info.engineering-maps.com\/de\/remote-engineer-jobs-in-germany-career-paths-salaries-and-growth-opportunities-in-2026\/\" aria-label=\"Read more about Remote Engineer Jobs in Germany: Career Paths, Salaries, and Growth Opportunities in 2026\" tabindex=\"-1\" >\n\t\t\tMehr lesen \"\t\t<\/a>\n\n\t\t\t\t<\/div>\n\t\t\t\t<\/article>\n\t\t\t\t<article class=\"elementor-post elementor-grid-item post-1881 post type-post status-publish format-standard has-post-thumbnail hentry category-uncategorized\">\n\t\t\t\t<a class=\"elementor-post__thumbnail__link\" href=\"https:\/\/info.engineering-maps.com\/de\/engineering-careers-in-munich-and-germany-a-data-driven-regional-guide\/\" tabindex=\"-1\" >\n\t\t\t<div class=\"elementor-post__thumbnail\"><img decoding=\"async\" width=\"300\" height=\"200\" src=\"https:\/\/info.engineering-maps.com\/wp-content\/uploads\/2026\/02\/image-13-300x200.jpeg\" class=\"attachment-medium size-medium wp-image-1883\" alt=\"Engineering Careers in Munich\" srcset=\"https:\/\/info.engineering-maps.com\/wp-content\/uploads\/2026\/02\/image-13-300x200.jpeg 300w, https:\/\/info.engineering-maps.com\/wp-content\/uploads\/2026\/02\/image-13-1024x682.jpeg 1024w, https:\/\/info.engineering-maps.com\/wp-content\/uploads\/2026\/02\/image-13-768x512.jpeg 768w, https:\/\/info.engineering-maps.com\/wp-content\/uploads\/2026\/02\/image-13-1536x1023.jpeg 1536w, https:\/\/info.engineering-maps.com\/wp-content\/uploads\/2026\/02\/image-13-18x12.jpeg 18w, https:\/\/info.engineering-maps.com\/wp-content\/uploads\/2026\/02\/image-13.jpeg 1600w\" sizes=\"(max-width: 300px) 100vw, 300px\" \/><\/div>\n\t\t<\/a>\n\t\t\t\t<div class=\"elementor-post__text\">\n\t\t\t\t<h3 class=\"elementor-post__title\">\n\t\t\t<a href=\"https:\/\/info.engineering-maps.com\/de\/engineering-careers-in-munich-and-germany-a-data-driven-regional-guide\/\" >\n\t\t\t\tIngenieurkarrieren in M\u00fcnchen und Deutschland: Ein datenbasierter regionaler \u00dcberblick\t\t\t<\/a>\n\t\t<\/h3>\n\t\t\t\t<div class=\"elementor-post__meta-data\">\n\t\t\t\t\t<span class=\"elementor-post-date\">\n\t\t\tFebruar 13, 2026\t\t<\/span>\n\t\t\t\t<span class=\"elementor-post-avatar\">\n\t\t\tKeine Kommentare\t\t<\/span>\n\t\t\t\t<\/div>\n\t\t\t\t<div class=\"elementor-post__excerpt\">\n\t\t\t<p>Deutschland geh\u00f6rt zu den weltweit f\u00fchrenden Volkswirtschaften f\u00fcr Ingenieure und technische Fachkr\u00e4fte. Mit einer soliden Industrie\u00adbasis, lebendigen Technologie\u00ad\u00f6kosystemen und einer klaren Nachfrage in allen Fachrichtungen \u2026<\/p>\n\t\t<\/div>\n\t\t\n\t\t<a class=\"elementor-post__read-more\" href=\"https:\/\/info.engineering-maps.com\/de\/engineering-careers-in-munich-and-germany-a-data-driven-regional-guide\/\" aria-label=\"Read more about Engineering Careers in Munich and Germany: A Data-Driven Regional Guide\" tabindex=\"-1\" >\n\t\t\tMehr lesen \"\t\t<\/a>\n\n\t\t\t\t<\/div>\n\t\t\t\t<\/article>\n\t\t\t\t<article class=\"elementor-post elementor-grid-item post-1870 post type-post status-publish format-standard has-post-thumbnail hentry category-women-in-technology\">\n\t\t\t\t<a class=\"elementor-post__thumbnail__link\" href=\"https:\/\/info.engineering-maps.com\/de\/women-in-technology-in-germany-career-paths-salaries-real-trends\/\" tabindex=\"-1\" >\n\t\t\t<div class=\"elementor-post__thumbnail\"><img decoding=\"async\" width=\"300\" height=\"166\" src=\"https:\/\/info.engineering-maps.com\/wp-content\/uploads\/2026\/02\/image-11-300x166.jpeg\" class=\"attachment-medium size-medium wp-image-1877\" alt=\"Women in Technology\" srcset=\"https:\/\/info.engineering-maps.com\/wp-content\/uploads\/2026\/02\/image-11-300x166.jpeg 300w, https:\/\/info.engineering-maps.com\/wp-content\/uploads\/2026\/02\/image-11-768x425.jpeg 768w, https:\/\/info.engineering-maps.com\/wp-content\/uploads\/2026\/02\/image-11-18x10.jpeg 18w, https:\/\/info.engineering-maps.com\/wp-content\/uploads\/2026\/02\/image-11.jpeg 1000w\" sizes=\"(max-width: 300px) 100vw, 300px\" \/><\/div>\n\t\t<\/a>\n\t\t\t\t<div class=\"elementor-post__text\">\n\t\t\t\t<h3 class=\"elementor-post__title\">\n\t\t\t<a href=\"https:\/\/info.engineering-maps.com\/de\/women-in-technology-in-germany-career-paths-salaries-real-trends\/\" >\n\t\t\t\tFrauen in der Technologie in Deutschland \u2013 Karrierewege, Geh\u00e4lter und aktuelle Entwicklungen\t\t\t<\/a>\n\t\t<\/h3>\n\t\t\t\t<div class=\"elementor-post__meta-data\">\n\t\t\t\t\t<span class=\"elementor-post-date\">\n\t\t\tFebruar 11, 2026\t\t<\/span>\n\t\t\t\t<span class=\"elementor-post-avatar\">\n\t\t\tKeine Kommentare\t\t<\/span>\n\t\t\t\t<\/div>\n\t\t\t\t<div class=\"elementor-post__excerpt\">\n\t\t\t<p>Deutschlands Technologie- und Ingenieurbranchen z\u00e4hlen zu den dynamischsten in Europa. Von der Automobilindustrie und industriellen Automatisierung bis hin zu Software-Innovationen und digitaler Infrastruktur ist das Land \u2026<\/p>\n\t\t<\/div>\n\t\t\n\t\t<a class=\"elementor-post__read-more\" href=\"https:\/\/info.engineering-maps.com\/de\/women-in-technology-in-germany-career-paths-salaries-real-trends\/\" aria-label=\"Read more about Women in Technology in Germany: Career Paths, Salaries &#038; Real Trends\" tabindex=\"-1\" >\n\t\t\tMehr lesen \"\t\t<\/a>\n\n\t\t\t\t<\/div>\n\t\t\t\t<\/article>\n\t\t\t\t<article class=\"elementor-post elementor-grid-item post-1866 post type-post status-publish format-standard has-post-thumbnail hentry category-uncategorized\">\n\t\t\t\t<a class=\"elementor-post__thumbnail__link\" href=\"https:\/\/info.engineering-maps.com\/de\/how-to-post-job-advertisements-that-deliver-results-in-germanys-engineering-job-market\/\" tabindex=\"-1\" >\n\t\t\t<div class=\"elementor-post__thumbnail\"><img loading=\"lazy\" decoding=\"async\" width=\"300\" height=\"168\" src=\"https:\/\/info.engineering-maps.com\/wp-content\/uploads\/2026\/02\/image-8-300x168.jpeg\" class=\"attachment-medium size-medium wp-image-1867\" alt=\"Post Job Advertisements\" srcset=\"https:\/\/info.engineering-maps.com\/wp-content\/uploads\/2026\/02\/image-8-300x168.jpeg 300w, https:\/\/info.engineering-maps.com\/wp-content\/uploads\/2026\/02\/image-8-1024x574.jpeg 1024w, https:\/\/info.engineering-maps.com\/wp-content\/uploads\/2026\/02\/image-8-768x430.jpeg 768w, https:\/\/info.engineering-maps.com\/wp-content\/uploads\/2026\/02\/image-8-18x10.jpeg 18w, https:\/\/info.engineering-maps.com\/wp-content\/uploads\/2026\/02\/image-8.jpeg 1380w\" sizes=\"(max-width: 300px) 100vw, 300px\" \/><\/div>\n\t\t<\/a>\n\t\t\t\t<div class=\"elementor-post__text\">\n\t\t\t\t<h3 class=\"elementor-post__title\">\n\t\t\t<a href=\"https:\/\/info.engineering-maps.com\/de\/how-to-post-job-advertisements-that-deliver-results-in-germanys-engineering-job-market\/\" >\n\t\t\t\tStellenanzeigen schalten, die im deutschen Ingenieurmarkt wirklich funktionieren\t\t\t<\/a>\n\t\t<\/h3>\n\t\t\t\t<div class=\"elementor-post__meta-data\">\n\t\t\t\t\t<span class=\"elementor-post-date\">\n\t\t\tFebruar 11, 2026\t\t<\/span>\n\t\t\t\t<span class=\"elementor-post-avatar\">\n\t\t\tKeine Kommentare\t\t<\/span>\n\t\t\t\t<\/div>\n\t\t\t\t<div class=\"elementor-post__excerpt\">\n\t\t\t<p>Die Gewinnung von Ingenieur\u00adtalenten in Deutschland ist heute strategischer, differenzierter und st\u00e4rker datenbasiert als je zuvor. Ganz gleich, ob Sie ein international t\u00e4tiges Ingenieurunternehmen, ein innovatives Technologie-Startup oder ein etabliertes Unternehmen sind \u2026<\/p>\n\t\t<\/div>\n\t\t\n\t\t<a class=\"elementor-post__read-more\" href=\"https:\/\/info.engineering-maps.com\/de\/how-to-post-job-advertisements-that-deliver-results-in-germanys-engineering-job-market\/\" aria-label=\"Read more about How to Post Job Advertisements That Deliver Results in Germany\u2019s Engineering Job Market\" tabindex=\"-1\" >\n\t\t\tMehr lesen \"\t\t<\/a>\n\n\t\t\t\t<\/div>\n\t\t\t\t<\/article>\n\t\t\t\t<article class=\"elementor-post elementor-grid-item post-1843 post type-post status-publish format-standard has-post-thumbnail hentry category-engineer-resume\">\n\t\t\t\t<a class=\"elementor-post__thumbnail__link\" href=\"https:\/\/info.engineering-maps.com\/de\/engineer-resume-the-definitive-blueprint-for-engineering-career-success-in-germany\/\" tabindex=\"-1\" >\n\t\t\t<div class=\"elementor-post__thumbnail\"><img loading=\"lazy\" decoding=\"async\" width=\"300\" height=\"194\" src=\"https:\/\/info.engineering-maps.com\/wp-content\/uploads\/2026\/02\/image-6-300x194.jpeg\" class=\"attachment-medium size-medium wp-image-1846\" alt=\"\" srcset=\"https:\/\/info.engineering-maps.com\/wp-content\/uploads\/2026\/02\/image-6-300x194.jpeg 300w, https:\/\/info.engineering-maps.com\/wp-content\/uploads\/2026\/02\/image-6-1024x662.jpeg 1024w, https:\/\/info.engineering-maps.com\/wp-content\/uploads\/2026\/02\/image-6-768x497.jpeg 768w, https:\/\/info.engineering-maps.com\/wp-content\/uploads\/2026\/02\/image-6-1536x994.jpeg 1536w, https:\/\/info.engineering-maps.com\/wp-content\/uploads\/2026\/02\/image-6-18x12.jpeg 18w, https:\/\/info.engineering-maps.com\/wp-content\/uploads\/2026\/02\/image-6.jpeg 1600w\" sizes=\"(max-width: 300px) 100vw, 300px\" \/><\/div>\n\t\t<\/a>\n\t\t\t\t<div class=\"elementor-post__text\">\n\t\t\t\t<h3 class=\"elementor-post__title\">\n\t\t\t<a href=\"https:\/\/info.engineering-maps.com\/de\/engineer-resume-the-definitive-blueprint-for-engineering-career-success-in-germany\/\" >\n\t\t\t\tIngenieur-Lebenslauf: Der ma\u00dfgebliche Leitfaden f\u00fcr den Karriereerfolg im deutschen Ingenieurwesen\t\t\t<\/a>\n\t\t<\/h3>\n\t\t\t\t<div class=\"elementor-post__meta-data\">\n\t\t\t\t\t<span class=\"elementor-post-date\">\n\t\t\tFebruar 6, 2026\t\t<\/span>\n\t\t\t\t<span class=\"elementor-post-avatar\">\n\t\t\tKeine Kommentare\t\t<\/span>\n\t\t\t\t<\/div>\n\t\t\t\t<div class=\"elementor-post__excerpt\">\n\t\t\t<p>Deutschland, als gr\u00f6\u00dfte Industriewirtschaft Europas, lebt von der Innovationskraft, Produktivit\u00e4t und Wettbewerbsf\u00e4higkeit seiner Ingenieurinnen und Ingenieure. Trotz der weiterhin hohen Nachfrage zeigt der Arbeitsmarkt derzeit ein gemischtes Bild: W\u00e4hrend die historisch hohe Zahl offener Stellen den anhaltenden Bedarf an qualifizierten Fachkr\u00e4ften unterstreicht, ver\u00e4ndern wirtschaftliche Anpassungen und demografische Entwicklungen die Einstellungstrends.<\/p>\n\t\t<\/div>\n\t\t\n\t\t<a class=\"elementor-post__read-more\" href=\"https:\/\/info.engineering-maps.com\/de\/engineer-resume-the-definitive-blueprint-for-engineering-career-success-in-germany\/\" aria-label=\"Read more about Engineer R\u00e9sum\u00e9: The Definitive Blueprint for Engineering Career Success in Germany\" tabindex=\"-1\" >\n\t\t\tMehr lesen \"\t\t<\/a>\n\n\t\t\t\t<\/div>\n\t\t\t\t<\/article>\n\t\t\t\t<article class=\"elementor-post elementor-grid-item post-1827 post type-post status-publish format-standard has-post-thumbnail hentry category-shortage-of-skilled-engineers\">\n\t\t\t\t<a class=\"elementor-post__thumbnail__link\" href=\"https:\/\/info.engineering-maps.com\/de\/the-engineering-talent-crisis-in-germany-root-causes-real-impact-and-strategic-responses\/\" tabindex=\"-1\" >\n\t\t\t<div class=\"elementor-post__thumbnail\"><img loading=\"lazy\" decoding=\"async\" width=\"300\" height=\"169\" src=\"https:\/\/info.engineering-maps.com\/wp-content\/uploads\/2026\/02\/Screenshot-2026-02-05T151230.442-300x169.png\" class=\"attachment-medium size-medium wp-image-1829\" alt=\"Shortage of skilled engineers\" srcset=\"https:\/\/info.engineering-maps.com\/wp-content\/uploads\/2026\/02\/Screenshot-2026-02-05T151230.442-300x169.png 300w, https:\/\/info.engineering-maps.com\/wp-content\/uploads\/2026\/02\/Screenshot-2026-02-05T151230.442-18x10.png 18w, https:\/\/info.engineering-maps.com\/wp-content\/uploads\/2026\/02\/Screenshot-2026-02-05T151230.442.png 598w\" sizes=\"(max-width: 300px) 100vw, 300px\" \/><\/div>\n\t\t<\/a>\n\t\t\t\t<div class=\"elementor-post__text\">\n\t\t\t\t<h3 class=\"elementor-post__title\">\n\t\t\t<a href=\"https:\/\/info.engineering-maps.com\/de\/the-engineering-talent-crisis-in-germany-root-causes-real-impact-and-strategic-responses\/\" >\n\t\t\t\tIngenieur-Fachkr\u00e4ftemangel in Deutschland: Ursachen, Auswirkungen und strategische L\u00f6sungsans\u00e4tze\t\t\t<\/a>\n\t\t<\/h3>\n\t\t\t\t<div class=\"elementor-post__meta-data\">\n\t\t\t\t\t<span class=\"elementor-post-date\">\n\t\t\tFebruar 5, 2026\t\t<\/span>\n\t\t\t\t<span class=\"elementor-post-avatar\">\n\t\t\tKeine Kommentare\t\t<\/span>\n\t\t\t\t<\/div>\n\t\t\t\t<div class=\"elementor-post__excerpt\">\n\t\t\t<p>Deutschland bleibt eines der f\u00fchrenden Ingenieur-Kraftzentren der Welt, bekannt f\u00fcr Pr\u00e4zisionsfertigung, automobile Innovationen, exzellente Infrastruktur und technologische F\u00fchrungsst\u00e4rke. Dennoch steht das Land derzeit \u2026<\/p>\n\t\t<\/div>\n\t\t\n\t\t<a class=\"elementor-post__read-more\" href=\"https:\/\/info.engineering-maps.com\/de\/the-engineering-talent-crisis-in-germany-root-causes-real-impact-and-strategic-responses\/\" aria-label=\"Read more about The Engineering Talent Crisis in Germany: Root Causes, Real Impact, and Strategic Responses\" tabindex=\"-1\" >\n\t\t\tMehr lesen \"\t\t<\/a>\n\n\t\t\t\t<\/div>\n\t\t\t\t<\/article>\n\t\t\t\t<\/div>\n\t\t\n\t\t\t\t<div class=\"e-load-more-anchor\" data-page=\"1\" data-max-page=\"3\" data-next-page=\"https:\/\/info.engineering-maps.com\/de\/wp-json\/wp\/v2\/pages\/576\/page\/2\/\"><\/div>\n\t\t\t\t<nav class=\"elementor-pagination\" aria-label=\"Pagination\">\n\t\t\t<span class=\"page-numbers prev\">\u00ab Vorherige<\/span>\n<span aria-current=\"page\" class=\"page-numbers current\"><span class=\"elementor-screen-only\">Page<\/span>1<\/span>\n<a class=\"page-numbers\" href=\"https:\/\/info.engineering-maps.com\/de\/wp-json\/wp\/v2\/pages\/576\/page\/2\/\"><span class=\"elementor-screen-only\">Page<\/span>2<\/a>\n<a class=\"page-numbers\" href=\"https:\/\/info.engineering-maps.com\/de\/wp-json\/wp\/v2\/pages\/576\/page\/3\/\"><span class=\"elementor-screen-only\">Page<\/span>3<\/a>\n<a class=\"page-numbers next\" href=\"https:\/\/info.engineering-maps.com\/de\/wp-json\/wp\/v2\/pages\/576\/page\/2\/\">N\u00e4chste \u00bb<\/a>\t\t<\/nav>\n\t\t\t\t\t\t<\/div>\n\t\t\t\t<\/div>\n\t\t\t\t<\/div>\n\t\t\t\t<\/div>","protected":false},"excerpt":{"rendered":"","protected":false},"author":1,"featured_media":0,"parent":0,"menu_order":0,"comment_status":"closed","ping_status":"closed","template":"","meta":{"site-sidebar-layout":"no-sidebar","site-content-layout":"page-builder","ast-site-content-layout":"default","site-content-style":"unboxed","site-sidebar-style":"unboxed","ast-global-header-display":"","ast-banner-title-visibility":"","ast-main-header-display":"","ast-hfb-above-header-display":"","ast-hfb-below-header-display":"","ast-hfb-mobile-header-display":"","site-post-title":"disabled","ast-breadcrumbs-content":"","ast-featured-img":"disabled","footer-sml-layout":"","theme-transparent-header-meta":"","adv-header-id-meta":"","stick-header-meta":"","header-above-stick-meta":"","header-main-stick-meta":"","header-below-stick-meta":"","astra-migrate-meta-layouts":"set","ast-page-background-enabled":"default","ast-page-background-meta":{"desktop":{"background-color":"","background-image":"","background-repeat":"repeat","background-position":"center center","background-size":"auto","background-attachment":"scroll","background-type":"","background-media":"","overlay-type":"","overlay-color":"","overlay-opacity":"","overlay-gradient":""},"tablet":{"background-color":"","background-image":"","background-repeat":"repeat","background-position":"center center","background-size":"auto","background-attachment":"scroll","background-type":"","background-media":"","overlay-type":"","overlay-color":"","overlay-opacity":"","overlay-gradient":""},"mobile":{"background-color":"","background-image":"","background-repeat":"repeat","background-position":"center center","background-size":"auto","background-attachment":"scroll","background-type":"","background-media":"","overlay-type":"","overlay-color":"","overlay-opacity":"","overlay-gradient":""}},"ast-content-background-meta":{"desktop":{"background-color":"var(--ast-global-color-5)","background-image":"","background-repeat":"repeat","background-position":"center center","background-size":"auto","background-attachment":"scroll","background-type":"","background-media":"","overlay-type":"","overlay-color":"","overlay-opacity":"","overlay-gradient":""},"tablet":{"background-color":"var(--ast-global-color-5)","background-image":"","background-repeat":"repeat","background-position":"center center","background-size":"auto","background-attachment":"scroll","background-type":"","background-media":"","overlay-type":"","overlay-color":"","overlay-opacity":"","overlay-gradient":""},"mobile":{"background-color":"var(--ast-global-color-5)","background-image":"","background-repeat":"repeat","background-position":"center center","background-size":"auto","background-attachment":"scroll","background-type":"","background-media":"","overlay-type":"","overlay-color":"","overlay-opacity":"","overlay-gradient":""}},"footnotes":""},"class_list":["post-576","page","type-page","status-publish","hentry"],"_links":{"self":[{"href":"https:\/\/info.engineering-maps.com\/de\/wp-json\/wp\/v2\/pages\/576","targetHints":{"allow":["GET"]}}],"collection":[{"href":"https:\/\/info.engineering-maps.com\/de\/wp-json\/wp\/v2\/pages"}],"about":[{"href":"https:\/\/info.engineering-maps.com\/de\/wp-json\/wp\/v2\/types\/page"}],"author":[{"embeddable":true,"href":"https:\/\/info.engineering-maps.com\/de\/wp-json\/wp\/v2\/users\/1"}],"replies":[{"embeddable":true,"href":"https:\/\/info.engineering-maps.com\/de\/wp-json\/wp\/v2\/comments?post=576"}],"version-history":[{"count":73,"href":"https:\/\/info.engineering-maps.com\/de\/wp-json\/wp\/v2\/pages\/576\/revisions"}],"predecessor-version":[{"id":1821,"href":"https:\/\/info.engineering-maps.com\/de\/wp-json\/wp\/v2\/pages\/576\/revisions\/1821"}],"wp:attachment":[{"href":"https:\/\/info.engineering-maps.com\/de\/wp-json\/wp\/v2\/media?parent=576"}],"curies":[{"name":"wp","href":"https:\/\/api.w.org\/{rel}","templated":true}]}}